{"id":114,"date":"2008-03-16T22:14:55","date_gmt":"2008-03-16T20:14:55","guid":{"rendered":"http:\/\/baublog.martin-bach.de\/?page_id=114"},"modified":"2008-03-25T23:38:29","modified_gmt":"2008-03-25T21:38:29","slug":"sinn-und-zweck-dieses-blogs","status":"publish","type":"page","link":"https:\/\/baublog.martin-bach.de\/?page_id=114","title":{"rendered":"Sinn und Zweck&#8230;"},"content":{"rendered":"<p>Dieser Blog soll zwei Zwecke erf\u00fcllen:<\/p>\n<ul>\n<li>zum einen den Baufortschritt m\u00f6glichst detailliert dokumentieren<\/li>\n<li>Unsere Erfahrung beim Bauen im Allgemeinen und auch die Erfahrungen mit unserem Bautr\u00e4ger der Firma Most MSB in Dettingen\/Teck bzw. BAUTEC Haus (<a href=\"http:\/\/www.bautec-haus.de\" title=\"Bautec-Haus\">www.bautec-haus.de<\/a>) anderen zug\u00e4nglich machen.<\/li>\n<\/ul>\n<p>Viel Spa\u00df beim Durchlesen w\u00fcnschen die Bauherren M+S.<br \/>\n<strong>Bitte w\u00e4hlen Sie nun auf der linken Seite die gew\u00fcnschte Kategorie&#8230;<\/strong><\/p>\n<p>sind sind Besucher<strong> <\/strong><img decoding=\"async\" src=\"\/tinc?key=sn8PdJbc\" title=\"Z\u00e4hler\" alt=\"Z\u00e4hler\" align=\"middle\" \/><\/p>\n","protected":false},"excerpt":{"rendered":"<p>Dieser Blog soll zwei Zwecke erf\u00fcllen: zum einen den Baufortschritt m\u00f6glichst detailliert dokumentieren Unsere Erfahrung beim Bauen im Allgemeinen und auch die Erfahrungen mit unserem Bautr\u00e4ger der Firma Most MSB in Dettingen\/Teck bzw. BAUTEC Haus (www.bautec-haus.de) anderen zug\u00e4nglich machen. Viel Spa\u00df beim Durchlesen w\u00fcnschen die Bauherren M+S. Bitte w\u00e4hlen Sie nun auf der linken Seite [&hellip;]<\/p>\n","protected":false},"author":1,"featured_media":0,"parent":0,"menu_order":1,"comment_status":"open","ping_status":"open","template":"","meta":{"footnotes":""},"class_list":["post-114","page","type-page","status-publish","hentry"],"_links":{"self":[{"href":"https:\/\/baublog.martin-bach.de\/index.php?rest_route=\/wp\/v2\/pages\/114","targetHints":{"allow":["GET"]}}],"collection":[{"href":"https:\/\/baublog.martin-bach.de\/index.php?rest_route=\/wp\/v2\/pages"}],"about":[{"href":"https:\/\/baublog.martin-bach.de\/index.php?rest_route=\/wp\/v2\/types\/page"}],"author":[{"embeddable":true,"href":"https:\/\/baublog.martin-bach.de\/index.php?rest_route=\/wp\/v2\/users\/1"}],"replies":[{"embeddable":true,"href":"https:\/\/baublog.martin-bach.de\/index.php?rest_route=%2Fwp%2Fv2%2Fcomments&post=114"}],"version-history":[{"count":0,"href":"https:\/\/baublog.martin-bach.de\/index.php?rest_route=\/wp\/v2\/pages\/114\/revisions"}],"wp:attachment":[{"href":"https:\/\/baublog.martin-bach.de\/index.php?rest_route=%2Fwp%2Fv2%2Fmedia&parent=114"}],"curies":[{"name":"wp","href":"https:\/\/api.w.org\/{rel}","templated":true}]}}